{"id":172,"date":"2026-04-27T11:47:04","date_gmt":"2026-04-27T11:47:04","guid":{"rendered":"https:\/\/partybienchen.at\/blog\/ueber-uns\/"},"modified":"2026-04-27T11:47:04","modified_gmt":"2026-04-27T11:47:04","slug":"ueber-uns","status":"publish","type":"page","link":"https:\/\/partybienchen.at\/blog\/ueber-uns\/","title":{"rendered":"\u00dcber uns"},"content":{"rendered":"<p>Partybienchen ist auf H\u00fcpfburgen und Partyzubeh\u00f6r f\u00fcr Kinderfeste in Wien und Nieder\u00f6sterreich spezialisiert. Wir beraten pers\u00f6nlich zu Platzbedarf, Altersgruppen, Lieferung und passendem Zubeh\u00f6r.<\/p>\n<p>Unser Fokus: faire Preise, verl\u00e4ssliche Terminabwicklung und eine unkomplizierte Buchung.<\/p>\n","protected":false},"excerpt":{"rendered":"<p>Partybienchen ist auf H\u00fcpfburgen und Partyzubeh\u00f6r f\u00fcr Kinderfeste in Wien und Nieder\u00f6sterreich spezialisiert. Wir beraten pers\u00f6nlich zu Platzbedarf, Altersgruppen, Lieferung und passendem Zubeh\u00f6r. Unser Fokus: faire Preise, verl\u00e4ssliche Terminabwicklung und eine unkomplizierte Buchung.<\/p>\n","protected":false},"author":1,"featured_media":0,"parent":0,"menu_order":0,"comment_status":"closed","ping_status":"closed","template":"","meta":{"footnotes":""},"class_list":["post-172","page","type-page","status-publish","hentry"],"_links":{"self":[{"href":"https:\/\/partybienchen.at\/blog\/wp-json\/wp\/v2\/pages\/172","targetHints":{"allow":["GET"]}}],"collection":[{"href":"https:\/\/partybienchen.at\/blog\/wp-json\/wp\/v2\/pages"}],"about":[{"href":"https:\/\/partybienchen.at\/blog\/wp-json\/wp\/v2\/types\/page"}],"author":[{"embeddable":true,"href":"https:\/\/partybienchen.at\/blog\/wp-json\/wp\/v2\/users\/1"}],"replies":[{"embeddable":true,"href":"https:\/\/partybienchen.at\/blog\/wp-json\/wp\/v2\/comments?post=172"}],"version-history":[{"count":0,"href":"https:\/\/partybienchen.at\/blog\/wp-json\/wp\/v2\/pages\/172\/revisions"}],"wp:attachment":[{"href":"https:\/\/partybienchen.at\/blog\/wp-json\/wp\/v2\/media?parent=172"}],"curies":[{"name":"wp","href":"https:\/\/api.w.org\/{rel}","templated":true}]}}